{"id":1738,"date":"2025-08-25T02:43:34","date_gmt":"2025-08-25T02:43:34","guid":{"rendered":"https:\/\/camporealfloristeria.com\/?page_id=1738"},"modified":"2025-08-25T03:48:00","modified_gmt":"2025-08-25T03:48:00","slug":"elementor-pagina-1738","status":"publish","type":"page","link":"https:\/\/camporealfloristeria.com\/?page_id=1738","title":{"rendered":"CUMPLEA\u00d1OS"},"content":{"rendered":"\t\t<div data-elementor-type=\"wp-page\" data-elementor-id=\"1738\" class=\"elementor elementor-1738\">\n\t\t\t\t<div class=\"elementor-element elementor-element-4ffb245b e-flex e-con-boxed e-con e-parent\" data-id=\"4ffb245b\" data-element_type=\"container\">\n\t\t\t\t\t<div class=\"e-con-inner\">\n\t\t\t\t<div class=\"elementor-element elementor-element-4beca064 elementor-widget elementor-widget-heading\" data-id=\"4beca064\" data-element_type=\"widget\" data-widget_type=\"heading.default\">\n\t\t\t\t\t<h1 class=\"elementor-heading-title elementor-size-default\">CUMPLEA\u00d1OS<\/h1>\t\t\t\t<\/div>\n\t\t\t\t\t<\/div>\n\t\t\t\t<\/div>\n\t\t<div class=\"elementor-element elementor-element-38a3a0f1 e-flex e-con-boxed e-con e-parent\" data-id=\"38a3a0f1\" data-element_type=\"container\">\n\t\t\t\t\t<div class=\"e-con-inner\">\n\t\t\t\t<div class=\"elementor-element elementor-element-11c5ecdf elementor-widget elementor-widget-heading\" data-id=\"11c5ecdf\" data-element_type=\"widget\" data-widget_type=\"heading.default\">\n\t\t\t\t\t<h5 class=\"elementor-heading-title elementor-size-default\">ESCOGE TU FRASE Y ENVIANOS EL CODIGO M(NUMERO)<\/h5>\t\t\t\t<\/div>\n\t\t\t\t\t<\/div>\n\t\t\t\t<\/div>\n\t\t<div class=\"elementor-element elementor-element-53e69a85 e-flex e-con-boxed e-con e-parent\" data-id=\"53e69a85\" data-element_type=\"container\">\n\t\t\t\t\t<div class=\"e-con-inner\">\n\t\t\t\t\t<\/div>\n\t\t\t\t<\/div>\n\t\t<div class=\"elementor-element elementor-element-2ad5255d e-flex e-con-boxed e-con e-parent\" data-id=\"2ad5255d\" data-element_type=\"container\">\n\t\t\t\t\t<div class=\"e-con-inner\">\n\t\t<div class=\"elementor-element elementor-element-5da68b6 e-con-full e-flex e-con e-child\" data-id=\"5da68b6\" data-element_type=\"container\">\n\t\t\t\t<\/div>\n\t\t<div class=\"elementor-element elementor-element-6bca8b47 e-con-full e-flex e-con e-child\" data-id=\"6bca8b47\" data-element_type=\"container\">\n\t\t\t\t<div class=\"elementor-element elementor-element-3ac1ae2 elementor-widget elementor-widget-heading\" data-id=\"3ac1ae2\" data-element_type=\"widget\" data-widget_type=\"heading.default\">\n\t\t\t\t\t<h5 class=\"elementor-heading-title elementor-size-default\"><p style=\"margin-bottom: 1.41575em;font-style: normal;font-weight: 400;font-size: 1.1em;, sans-serif;margin-block-end: 26.4px;--tw-border-spacing-x: 0;--tw-border-spacing-y: 0;--tw-translate-x: 0;--tw-translate-y: 0;--tw-rotate: 0;--tw-skew-x: 0;--tw-skew-y: 0;--tw-scale-x: 1;--tw-scale-y: 1;--tw-scroll-snap-strictness: proximity;--tw-ring-offset-width: 0px;--tw-ring-offset-color: #fff;--tw-ring-offset-shadow: 0 0 #0000;--tw-ring-shadow: 0 0 #0000;--tw-shadow: 0 0 #0000;--tw-shadow-colored: 0 0 #0000;text-align: justify\"><span style=\"font-weight: 700\">M111<\/span>- Sonr\u00ede, canta y lo m\u00e1s importante haz de este d\u00eda el m\u00e1s especial, Disfr\u00fatalo. Feliz Cumplea\u00f1os.<\/p><p style=\"margin-bottom: 1.41575em;font-style: normal;font-weight: 400;font-size: 1.1em;, sans-serif;margin-block-end: 26.4px;--tw-border-spacing-x: 0;--tw-border-spacing-y: 0;--tw-translate-x: 0;--tw-translate-y: 0;--tw-rotate: 0;--tw-skew-x: 0;--tw-skew-y: 0;--tw-scale-x: 1;--tw-scale-y: 1;--tw-scroll-snap-strictness: proximity;--tw-ring-offset-width: 0px;--tw-ring-offset-color: #fff;--tw-ring-offset-shadow: 0 0 #0000;--tw-ring-shadow: 0 0 #0000;--tw-shadow: 0 0 #0000;--tw-shadow-colored: 0 0 #0000;text-align: justify\"><span style=\"font-weight: 700\">M112<\/span>- Los a\u00f1os en ti, te hacen ver m\u00e1s interesante. Feliz cumplea\u00f1os.<\/p><p style=\"margin-bottom: 1.41575em;font-style: normal;font-weight: 400;font-size: 1.1em;, sans-serif;margin-block-end: 26.4px;--tw-border-spacing-x: 0;--tw-border-spacing-y: 0;--tw-translate-x: 0;--tw-translate-y: 0;--tw-rotate: 0;--tw-skew-x: 0;--tw-skew-y: 0;--tw-scale-x: 1;--tw-scale-y: 1;--tw-scroll-snap-strictness: proximity;--tw-ring-offset-width: 0px;--tw-ring-offset-color: #fff;--tw-ring-offset-shadow: 0 0 #0000;--tw-ring-shadow: 0 0 #0000;--tw-shadow: 0 0 #0000;--tw-shadow-colored: 0 0 #0000;text-align: justify\"><span style=\"font-weight: 700\">M113<\/span>- Este es un d\u00eda espectacular, sin igual, imposible de comparar, e ideal para compartirlo contigo, te amo.&nbsp;Feliz Cumplea\u00f1os.<\/p><p style=\"margin-bottom: 1.41575em;font-style: normal;font-weight: 400;font-size: 1.1em;, sans-serif;margin-block-end: 26.4px;--tw-border-spacing-x: 0;--tw-border-spacing-y: 0;--tw-translate-x: 0;--tw-translate-y: 0;--tw-rotate: 0;--tw-skew-x: 0;--tw-skew-y: 0;--tw-scale-x: 1;--tw-scale-y: 1;--tw-scroll-snap-strictness: proximity;--tw-ring-offset-width: 0px;--tw-ring-offset-color: #fff;--tw-ring-offset-shadow: 0 0 #0000;--tw-ring-shadow: 0 0 #0000;--tw-shadow: 0 0 #0000;--tw-shadow-colored: 0 0 #0000;text-align: justify\"><span style=\"font-weight: 700\">M114<\/span>- \u00bfPensaste que me hab\u00eda olvidado de tu cumplea\u00f1os?, fallaste, aqu\u00ed estoy y listo para que celebremos en grande, te quiero mucho. Feliz Cumplea\u00f1os.<\/p><p style=\"margin-bottom: 1.41575em;font-style: normal;font-weight: 400;font-size: 1.1em;, sans-serif;margin-block-end: 26.4px;--tw-border-spacing-x: 0;--tw-border-spacing-y: 0;--tw-translate-x: 0;--tw-translate-y: 0;--tw-rotate: 0;--tw-skew-x: 0;--tw-skew-y: 0;--tw-scale-x: 1;--tw-scale-y: 1;--tw-scroll-snap-strictness: proximity;--tw-ring-offset-width: 0px;--tw-ring-offset-color: #fff;--tw-ring-offset-shadow: 0 0 #0000;--tw-ring-shadow: 0 0 #0000;--tw-shadow: 0 0 #0000;--tw-shadow-colored: 0 0 #0000;text-align: justify\"><span style=\"font-weight: 700\">M115<\/span>- Muchos luchamos contra los a\u00f1os, vamos al gimnasio, nos quitamos la edad y hasta nos echamos mascarillas. Pero para ti no tenemos remedio. Feliz Cumplea\u00f1os.<\/p><p style=\"margin-bottom: 1.41575em;font-style: normal;font-weight: 400;font-size: 1.1em;, sans-serif;margin-block-end: 26.4px;--tw-border-spacing-x: 0;--tw-border-spacing-y: 0;--tw-translate-x: 0;--tw-translate-y: 0;--tw-rotate: 0;--tw-skew-x: 0;--tw-skew-y: 0;--tw-scale-x: 1;--tw-scale-y: 1;--tw-scroll-snap-strictness: proximity;--tw-ring-offset-width: 0px;--tw-ring-offset-color: #fff;--tw-ring-offset-shadow: 0 0 #0000;--tw-ring-shadow: 0 0 #0000;--tw-shadow: 0 0 #0000;--tw-shadow-colored: 0 0 #0000;text-align: justify\"><span style=\"font-weight: 700\">M116<\/span>- Llevaba 364 d\u00edas pensando en tu cumplea\u00f1os y justo en el 365 lo olvide, que pena, pero no importa. Feliz Cumplea\u00f1os.<\/p><p style=\"margin-bottom: 1.41575em;font-style: normal;font-weight: 400;font-size: 1.1em;, sans-serif;margin-block-end: 26.4px;--tw-border-spacing-x: 0;--tw-border-spacing-y: 0;--tw-translate-x: 0;--tw-translate-y: 0;--tw-rotate: 0;--tw-skew-x: 0;--tw-skew-y: 0;--tw-scale-x: 1;--tw-scale-y: 1;--tw-scroll-snap-strictness: proximity;--tw-ring-offset-width: 0px;--tw-ring-offset-color: #fff;--tw-ring-offset-shadow: 0 0 #0000;--tw-ring-shadow: 0 0 #0000;--tw-shadow: 0 0 #0000;--tw-shadow-colored: 0 0 #0000;text-align: justify\"><span style=\"font-weight: 700\">M117<\/span>- Un a\u00f1o no es algo como para perder la cabeza, especialmente si pierdes la juventud, la l\u00ednea y la cuenta de tus a\u00f1os. Feliz Cumplea\u00f1os.<\/p><p style=\"margin-bottom: 1.41575em;font-style: normal;font-weight: 400;font-size: 1.1em;, sans-serif;margin-block-end: 26.4px;--tw-border-spacing-x: 0;--tw-border-spacing-y: 0;--tw-translate-x: 0;--tw-translate-y: 0;--tw-rotate: 0;--tw-skew-x: 0;--tw-skew-y: 0;--tw-scale-x: 1;--tw-scale-y: 1;--tw-scroll-snap-strictness: proximity;--tw-ring-offset-width: 0px;--tw-ring-offset-color: #fff;--tw-ring-offset-shadow: 0 0 #0000;--tw-ring-shadow: 0 0 #0000;--tw-shadow: 0 0 #0000;--tw-shadow-colored: 0 0 #0000;text-align: justify\"><span style=\"font-weight: 700\">M118<\/span>- Queremos que todos tus deseos en tu cumplea\u00f1os se vuelvan realidad y que sea hoy un d\u00eda muy especial para ti. Feliz Cumplea\u00f1os.<\/p><p style=\"margin-bottom: 1.41575em;font-style: normal;font-weight: 400;font-size: 1.1em;, sans-serif;margin-block-end: 26.4px;--tw-border-spacing-x: 0;--tw-border-spacing-y: 0;--tw-translate-x: 0;--tw-translate-y: 0;--tw-rotate: 0;--tw-skew-x: 0;--tw-skew-y: 0;--tw-scale-x: 1;--tw-scale-y: 1;--tw-scroll-snap-strictness: proximity;--tw-ring-offset-width: 0px;--tw-ring-offset-color: #fff;--tw-ring-offset-shadow: 0 0 #0000;--tw-ring-shadow: 0 0 #0000;--tw-shadow: 0 0 #0000;--tw-shadow-colored: 0 0 #0000;text-align: justify\"><span style=\"font-weight: 700\">M119<\/span>-Para la persona m\u00e1s dulce, m\u00e1s alegre, m\u00e1s tierna y la m\u00e1s encantadora, un peque\u00f1o detalle y un feliz cumplea\u00f1os.<\/p><p style=\"margin-bottom: 1.41575em;font-style: normal;font-weight: 400;font-size: 1.1em;, sans-serif;margin-block-end: 26.4px;--tw-border-spacing-x: 0;--tw-border-spacing-y: 0;--tw-translate-x: 0;--tw-translate-y: 0;--tw-rotate: 0;--tw-skew-x: 0;--tw-skew-y: 0;--tw-scale-x: 1;--tw-scale-y: 1;--tw-scroll-snap-strictness: proximity;--tw-ring-offset-width: 0px;--tw-ring-offset-color: #fff;--tw-ring-offset-shadow: 0 0 #0000;--tw-ring-shadow: 0 0 #0000;--tw-shadow: 0 0 #0000;--tw-shadow-colored: 0 0 #0000;text-align: justify\"><span style=\"font-weight: 700\">M120<\/span>-En este d\u00eda quiero decirte que eres lo mejor que hay en mi vida, en tu cumples quiero recordarte lo importante que eres para mi. Feliz Cumplea\u00f1os mi amor.<\/p><p style=\"margin-bottom: 1.41575em;font-style: normal;font-weight: 400;font-size: 1.1em;, sans-serif;margin-block-end: 26.4px;--tw-border-spacing-x: 0;--tw-border-spacing-y: 0;--tw-translate-x: 0;--tw-translate-y: 0;--tw-rotate: 0;--tw-skew-x: 0;--tw-skew-y: 0;--tw-scale-x: 1;--tw-scale-y: 1;--tw-scroll-snap-strictness: proximity;--tw-ring-offset-width: 0px;--tw-ring-offset-color: #fff;--tw-ring-offset-shadow: 0 0 #0000;--tw-ring-shadow: 0 0 #0000;--tw-shadow: 0 0 #0000;--tw-shadow-colored: 0 0 #0000;text-align: justify\"><span style=\"font-weight: 700\">M121<\/span>- Es tu cumplea\u00f1os, as\u00ed que rel\u00e1jate y disfr\u00fatalo, porque lo celebraremos con un buen rumb\u00f3n. Feliz d\u00eda.<\/p><p style=\"margin-bottom: 1.41575em;font-style: normal;font-weight: 400;font-size: 1.1em;, sans-serif;margin-block-end: 26.4px;--tw-border-spacing-x: 0;--tw-border-spacing-y: 0;--tw-translate-x: 0;--tw-translate-y: 0;--tw-rotate: 0;--tw-skew-x: 0;--tw-skew-y: 0;--tw-scale-x: 1;--tw-scale-y: 1;--tw-scroll-snap-strictness: proximity;--tw-ring-offset-width: 0px;--tw-ring-offset-color: #fff;--tw-ring-offset-shadow: 0 0 #0000;--tw-ring-shadow: 0 0 #0000;--tw-shadow: 0 0 #0000;--tw-shadow-colored: 0 0 #0000;text-align: justify\"><span style=\"font-weight: 700\">M122<\/span>-\u00bfC\u00f3mo te gustar\u00eda festejar tu cumplea\u00f1os? No importa como lo festejes, lo que es importante es que lo compartamos juntos.<\/p><p style=\"margin-bottom: 1.41575em;font-style: normal;font-weight: 400;font-size: 1.1em;, sans-serif;margin-block-end: 26.4px;--tw-border-spacing-x: 0;--tw-border-spacing-y: 0;--tw-translate-x: 0;--tw-translate-y: 0;--tw-rotate: 0;--tw-skew-x: 0;--tw-skew-y: 0;--tw-scale-x: 1;--tw-scale-y: 1;--tw-scroll-snap-strictness: proximity;--tw-ring-offset-width: 0px;--tw-ring-offset-color: #fff;--tw-ring-offset-shadow: 0 0 #0000;--tw-ring-shadow: 0 0 #0000;--tw-shadow: 0 0 #0000;--tw-shadow-colored: 0 0 #0000;text-align: justify\"><span style=\"font-weight: 700\">M123<\/span>-Tu cumplea\u00f1os es una fecha para celebrar, para bailar y para pasarla bien y hacerte saber que te deseo lo m\u00e1ximo. Te quiero mucho.<\/p><p style=\"margin-bottom: 1.41575em;font-style: normal;font-weight: 400;font-size: 1.1em;, sans-serif;margin-block-end: 26.4px;--tw-border-spacing-x: 0;--tw-border-spacing-y: 0;--tw-translate-x: 0;--tw-translate-y: 0;--tw-rotate: 0;--tw-skew-x: 0;--tw-skew-y: 0;--tw-scale-x: 1;--tw-scale-y: 1;--tw-scroll-snap-strictness: proximity;--tw-ring-offset-width: 0px;--tw-ring-offset-color: #fff;--tw-ring-offset-shadow: 0 0 #0000;--tw-ring-shadow: 0 0 #0000;--tw-shadow: 0 0 #0000;--tw-shadow-colored: 0 0 #0000;text-align: justify\"><span style=\"font-weight: 700\">M124<\/span>-Por ser como eres deseo lo mejor para ti.. Porque personas como t\u00fa lo merecen todo. Feliz Cumplea\u00f1os.<\/p><p style=\"margin-bottom: 1.41575em;font-style: normal;font-weight: 400;font-size: 1.1em;, sans-serif;margin-block-end: 26.4px;--tw-border-spacing-x: 0;--tw-border-spacing-y: 0;--tw-translate-x: 0;--tw-translate-y: 0;--tw-rotate: 0;--tw-skew-x: 0;--tw-skew-y: 0;--tw-scale-x: 1;--tw-scale-y: 1;--tw-scroll-snap-strictness: proximity;--tw-ring-offset-width: 0px;--tw-ring-offset-color: #fff;--tw-ring-offset-shadow: 0 0 #0000;--tw-ring-shadow: 0 0 #0000;--tw-shadow: 0 0 #0000;--tw-shadow-colored: 0 0 #0000;text-align: justify\"><span style=\"font-weight: 700\">M125<\/span>-En este d\u00eda mi cari\u00f1o todos mis pensamientos y todos mis deseos de felicidad se multipliquen solo para ti. Feliz Cumplea\u00f1os.<\/p><p style=\"margin-bottom: 1.41575em;font-style: normal;font-weight: 400;font-size: 1.1em;, sans-serif;margin-block-end: 26.4px;--tw-border-spacing-x: 0;--tw-border-spacing-y: 0;--tw-translate-x: 0;--tw-translate-y: 0;--tw-rotate: 0;--tw-skew-x: 0;--tw-skew-y: 0;--tw-scale-x: 1;--tw-scale-y: 1;--tw-scroll-snap-strictness: proximity;--tw-ring-offset-width: 0px;--tw-ring-offset-color: #fff;--tw-ring-offset-shadow: 0 0 #0000;--tw-ring-shadow: 0 0 #0000;--tw-shadow: 0 0 #0000;--tw-shadow-colored: 0 0 #0000;text-align: justify\"><span style=\"font-weight: 700\">M126<\/span>-En tu cumplea\u00f1os, te deseo la dicha de tener siempre a alguien con que compartir ,y de correr el riego de intentarlo todo el deseo. Feliz Cumplea\u00f1os.<\/p><p style=\"margin-bottom: 1.41575em;font-style: normal;font-weight: 400;font-size: 1.1em;, sans-serif;margin-block-end: 26.4px;--tw-border-spacing-x: 0;--tw-border-spacing-y: 0;--tw-translate-x: 0;--tw-translate-y: 0;--tw-rotate: 0;--tw-skew-x: 0;--tw-skew-y: 0;--tw-scale-x: 1;--tw-scale-y: 1;--tw-scroll-snap-strictness: proximity;--tw-ring-offset-width: 0px;--tw-ring-offset-color: #fff;--tw-ring-offset-shadow: 0 0 #0000;--tw-ring-shadow: 0 0 #0000;--tw-shadow: 0 0 #0000;--tw-shadow-colored: 0 0 #0000;text-align: justify\"><span style=\"font-weight: 700\">M127<\/span>-Un pajarito me cont\u00f3 que estas cumpliendo a\u00f1os, as\u00ed que corr\u00ed a felicitarte y desearte lo mejor. Feliz Cumplea\u00f1os te queremos mucho.<\/p><p style=\"margin-bottom: 1.41575em;font-style: normal;font-weight: 400;font-size: 1.1em;, sans-serif;margin-block-end: 26.4px;--tw-border-spacing-x: 0;--tw-border-spacing-y: 0;--tw-translate-x: 0;--tw-translate-y: 0;--tw-rotate: 0;--tw-skew-x: 0;--tw-skew-y: 0;--tw-scale-x: 1;--tw-scale-y: 1;--tw-scroll-snap-strictness: proximity;--tw-ring-offset-width: 0px;--tw-ring-offset-color: #fff;--tw-ring-offset-shadow: 0 0 #0000;--tw-ring-shadow: 0 0 #0000;--tw-shadow: 0 0 #0000;--tw-shadow-colored: 0 0 #0000;text-align: justify\"><span style=\"font-weight: 700\">M128<\/span>-Hoy es la fecha perfecta, el mejor momento y la ocasi\u00f3n para desearte las cosas que te mereces, y darte el cari\u00f1o que tengo en mi coraz\u00f3n. Feliz Cumplea\u00f1os.<\/p><p style=\"margin-bottom: 1.41575em;font-style: normal;font-weight: 400;font-size: 1.1em;, sans-serif;margin-block-end: 26.4px;--tw-border-spacing-x: 0;--tw-border-spacing-y: 0;--tw-translate-x: 0;--tw-translate-y: 0;--tw-rotate: 0;--tw-skew-x: 0;--tw-skew-y: 0;--tw-scale-x: 1;--tw-scale-y: 1;--tw-scroll-snap-strictness: proximity;--tw-ring-offset-width: 0px;--tw-ring-offset-color: #fff;--tw-ring-offset-shadow: 0 0 #0000;--tw-ring-shadow: 0 0 #0000;--tw-shadow: 0 0 #0000;--tw-shadow-colored: 0 0 #0000;text-align: justify\"><span style=\"font-weight: 700\">M129-<\/span>Que los cumplas muy pero muy feliz, que los sigas cumpliendo hasta el a\u00f1o 3.000, Te quiero mucho. Feliz Cumplea\u00f1os.<\/p><div><br><\/div><\/h5>\t\t\t\t<\/div>\n\t\t\t\t<\/div>\n\t\t<div class=\"elementor-element elementor-element-431f5257 e-con-full e-flex e-con e-child\" data-id=\"431f5257\" data-element_type=\"container\">\n\t\t\t\t<\/div>\n\t\t\t\t\t<\/div>\n\t\t\t\t<\/div>\n\t\t\t\t<\/div>\n\t\t","protected":false},"excerpt":{"rendered":"<p>CUMPLEA\u00d1OS ESCOGE TU FRASE Y ENVIANOS EL CODIGO M(NUMERO) M111- Sonr\u00ede, canta y lo m\u00e1s importante haz de este d\u00eda el m\u00e1s especial, Disfr\u00fatalo. Feliz Cumplea\u00f1os. M112- Los a\u00f1os en ti, te hacen ver m\u00e1s interesante. Feliz cumplea\u00f1os. M113- Este es un d\u00eda espectacular, sin igual, imposible de comparar, e ideal para compartirlo contigo, te [&hellip;]<\/p>\n","protected":false},"author":1,"featured_media":0,"parent":492,"menu_order":0,"comment_status":"closed","ping_status":"closed","template":"","meta":{"footnotes":""},"class_list":["post-1738","page","type-page","status-publish","hentry"],"blocksy_meta":[],"_links":{"self":[{"href":"https:\/\/camporealfloristeria.com\/index.php?rest_route=\/wp\/v2\/pages\/1738","targetHints":{"allow":["GET"]}}],"collection":[{"href":"https:\/\/camporealfloristeria.com\/index.php?rest_route=\/wp\/v2\/pages"}],"about":[{"href":"https:\/\/camporealfloristeria.com\/index.php?rest_route=\/wp\/v2\/types\/page"}],"author":[{"embeddable":true,"href":"https:\/\/camporealfloristeria.com\/index.php?rest_route=\/wp\/v2\/users\/1"}],"replies":[{"embeddable":true,"href":"https:\/\/camporealfloristeria.com\/index.php?rest_route=%2Fwp%2Fv2%2Fcomments&post=1738"}],"version-history":[{"count":8,"href":"https:\/\/camporealfloristeria.com\/index.php?rest_route=\/wp\/v2\/pages\/1738\/revisions"}],"predecessor-version":[{"id":1806,"href":"https:\/\/camporealfloristeria.com\/index.php?rest_route=\/wp\/v2\/pages\/1738\/revisions\/1806"}],"up":[{"embeddable":true,"href":"https:\/\/camporealfloristeria.com\/index.php?rest_route=\/wp\/v2\/pages\/492"}],"wp:attachment":[{"href":"https:\/\/camporealfloristeria.com\/index.php?rest_route=%2Fwp%2Fv2%2Fmedia&parent=1738"}],"curies":[{"name":"wp","href":"https:\/\/api.w.org\/{rel}","templated":true}]}}