{"id":1762,"date":"2025-08-25T02:55:54","date_gmt":"2025-08-25T02:55:54","guid":{"rendered":"https:\/\/camporealfloristeria.com\/?page_id=1762"},"modified":"2025-08-25T03:47:25","modified_gmt":"2025-08-25T03:47:25","slug":"condolencias","status":"publish","type":"page","link":"https:\/\/camporealfloristeria.com\/?page_id=1762","title":{"rendered":"CONDOLENCIAS"},"content":{"rendered":"\t\t<div data-elementor-type=\"wp-page\" data-elementor-id=\"1762\" class=\"elementor elementor-1762\">\n\t\t\t\t<div class=\"elementor-element elementor-element-44f1bad8 e-flex e-con-boxed e-con e-parent\" data-id=\"44f1bad8\" data-element_type=\"container\">\n\t\t\t\t\t<div class=\"e-con-inner\">\n\t\t\t\t<div class=\"elementor-element elementor-element-1dddfcc2 elementor-widget elementor-widget-heading\" data-id=\"1dddfcc2\" data-element_type=\"widget\" data-widget_type=\"heading.default\">\n\t\t\t\t\t<h1 class=\"elementor-heading-title elementor-size-default\">CONDOLENCIAS<\/h1>\t\t\t\t<\/div>\n\t\t\t\t\t<\/div>\n\t\t\t\t<\/div>\n\t\t<div class=\"elementor-element elementor-element-230895cb e-flex e-con-boxed e-con e-parent\" data-id=\"230895cb\" data-element_type=\"container\">\n\t\t\t\t\t<div class=\"e-con-inner\">\n\t\t\t\t<div class=\"elementor-element elementor-element-6e42bec elementor-widget elementor-widget-heading\" data-id=\"6e42bec\" data-element_type=\"widget\" data-widget_type=\"heading.default\">\n\t\t\t\t\t<h5 class=\"elementor-heading-title elementor-size-default\">ESCOGE TU FRASE Y ENVIANOS EL CODIGO M(NUMERO)<\/h5>\t\t\t\t<\/div>\n\t\t\t\t\t<\/div>\n\t\t\t\t<\/div>\n\t\t<div class=\"elementor-element elementor-element-71fcade e-flex e-con-boxed e-con e-parent\" data-id=\"71fcade\" data-element_type=\"container\">\n\t\t\t\t\t<div class=\"e-con-inner\">\n\t\t\t\t\t<\/div>\n\t\t\t\t<\/div>\n\t\t<div class=\"elementor-element elementor-element-f049fa4 e-flex e-con-boxed e-con e-parent\" data-id=\"f049fa4\" data-element_type=\"container\">\n\t\t\t\t\t<div class=\"e-con-inner\">\n\t\t<div class=\"elementor-element elementor-element-a0a4844 e-con-full e-flex e-con e-child\" data-id=\"a0a4844\" data-element_type=\"container\">\n\t\t\t\t<\/div>\n\t\t<div class=\"elementor-element elementor-element-6dbe0a7 e-con-full e-flex e-con e-child\" data-id=\"6dbe0a7\" data-element_type=\"container\">\n\t\t\t\t<div class=\"elementor-element elementor-element-f56cf47 elementor-widget elementor-widget-heading\" data-id=\"f56cf47\" data-element_type=\"widget\" data-widget_type=\"heading.default\">\n\t\t\t\t\t<h6 class=\"elementor-heading-title elementor-size-default\"><p style=\"margin-bottom: 1.41575em;font-style: normal;font-weight: 400;font-size: 1.1em;, sans-serif;margin-block-end: 26.4px;--tw-border-spacing-x: 0;--tw-border-spacing-y: 0;--tw-translate-x: 0;--tw-translate-y: 0;--tw-rotate: 0;--tw-skew-x: 0;--tw-skew-y: 0;--tw-scale-x: 1;--tw-scale-y: 1;--tw-scroll-snap-strictness: proximity;--tw-ring-offset-width: 0px;--tw-ring-offset-color: #fff;--tw-ring-offset-shadow: 0 0 #0000;--tw-ring-shadow: 0 0 #0000;--tw-shadow: 0 0 #0000;--tw-shadow-colored: 0 0 #0000;text-align: justify\"><span style=\"font-weight: 700\">M01<\/span>-En mi mente se reviven momentos de felicidad y hoy tu ausencia me causa una profunda tristeza.&nbsp;<\/p><p style=\"margin-bottom: 1.41575em;font-style: normal;font-weight: 400;font-size: 1.1em;, sans-serif;margin-block-end: 26.4px;--tw-border-spacing-x: 0;--tw-border-spacing-y: 0;--tw-translate-x: 0;--tw-translate-y: 0;--tw-rotate: 0;--tw-skew-x: 0;--tw-skew-y: 0;--tw-scale-x: 1;--tw-scale-y: 1;--tw-scroll-snap-strictness: proximity;--tw-ring-offset-width: 0px;--tw-ring-offset-color: #fff;--tw-ring-offset-shadow: 0 0 #0000;--tw-ring-shadow: 0 0 #0000;--tw-shadow: 0 0 #0000;--tw-shadow-colored: 0 0 #0000;text-align: justify\"><span style=\"font-weight: 700\">M02<\/span>-Que en tu dulce paz, siempre haya una luz intensa que brille por toda la eternidad.&nbsp;<\/p><p style=\"margin-bottom: 1.41575em;font-style: normal;font-weight: 400;font-size: 1.1em;, sans-serif;margin-block-end: 26.4px;--tw-border-spacing-x: 0;--tw-border-spacing-y: 0;--tw-translate-x: 0;--tw-translate-y: 0;--tw-rotate: 0;--tw-skew-x: 0;--tw-skew-y: 0;--tw-scale-x: 1;--tw-scale-y: 1;--tw-scroll-snap-strictness: proximity;--tw-ring-offset-width: 0px;--tw-ring-offset-color: #fff;--tw-ring-offset-shadow: 0 0 #0000;--tw-ring-shadow: 0 0 #0000;--tw-shadow: 0 0 #0000;--tw-shadow-colored: 0 0 #0000;text-align: justify\"><span style=\"font-weight: 700\">M03<\/span>-Por que la vida de los que en Ti creemos Se\u00f1or ,no termina; se transforma.<\/p><p style=\"margin-bottom: 1.41575em;font-style: normal;font-weight: 400;font-size: 1.1em;, sans-serif;margin-block-end: 26.4px;--tw-border-spacing-x: 0;--tw-border-spacing-y: 0;--tw-translate-x: 0;--tw-translate-y: 0;--tw-rotate: 0;--tw-skew-x: 0;--tw-skew-y: 0;--tw-scale-x: 1;--tw-scale-y: 1;--tw-scroll-snap-strictness: proximity;--tw-ring-offset-width: 0px;--tw-ring-offset-color: #fff;--tw-ring-offset-shadow: 0 0 #0000;--tw-ring-shadow: 0 0 #0000;--tw-shadow: 0 0 #0000;--tw-shadow-colored: 0 0 #0000;text-align: justify\"><span style=\"font-weight: 700\">M04<\/span>-Solo muere aquel que no deja huellas en la vida, pero t\u00fa como hombre, hijo, hermano, dejas huellas en el coraz\u00f3n de todos nosotros.&nbsp;<\/p><p style=\"margin-bottom: 1.41575em;font-style: normal;font-weight: 400;font-size: 1.1em;, sans-serif;margin-block-end: 26.4px;--tw-border-spacing-x: 0;--tw-border-spacing-y: 0;--tw-translate-x: 0;--tw-translate-y: 0;--tw-rotate: 0;--tw-skew-x: 0;--tw-skew-y: 0;--tw-scale-x: 1;--tw-scale-y: 1;--tw-scroll-snap-strictness: proximity;--tw-ring-offset-width: 0px;--tw-ring-offset-color: #fff;--tw-ring-offset-shadow: 0 0 #0000;--tw-ring-shadow: 0 0 #0000;--tw-shadow: 0 0 #0000;--tw-shadow-colored: 0 0 #0000;text-align: justify\"><span style=\"font-weight: 700\">M05<\/span>- Y se van nuestros cuerpos, pero eternamente estar\u00e1 la vida. Las&nbsp; huellas que dejamos, muchos las seguir\u00e1n, pero nunca nadie las borrar\u00e1.<\/p><p style=\"margin-bottom: 1.41575em;font-style: normal;font-weight: 400;font-size: 1.1em;, sans-serif;margin-block-end: 26.4px;--tw-border-spacing-x: 0;--tw-border-spacing-y: 0;--tw-translate-x: 0;--tw-translate-y: 0;--tw-rotate: 0;--tw-skew-x: 0;--tw-skew-y: 0;--tw-scale-x: 1;--tw-scale-y: 1;--tw-scroll-snap-strictness: proximity;--tw-ring-offset-width: 0px;--tw-ring-offset-color: #fff;--tw-ring-offset-shadow: 0 0 #0000;--tw-ring-shadow: 0 0 #0000;--tw-shadow: 0 0 #0000;--tw-shadow-colored: 0 0 #0000;text-align: justify\"><span style=\"font-weight: 700\">M06<\/span>-Har\u00e9 que nunca de tu amor me olvide y que tu nombre en mis recuerdos quede y si es verdad que e amor con el tiempo muere, har\u00e9 que el tiempo detenido espere<\/p><p style=\"margin-bottom: 1.41575em;font-style: normal;font-weight: 400;font-size: 1.1em;, sans-serif;margin-block-end: 26.4px;--tw-border-spacing-x: 0;--tw-border-spacing-y: 0;--tw-translate-x: 0;--tw-translate-y: 0;--tw-rotate: 0;--tw-skew-x: 0;--tw-skew-y: 0;--tw-scale-x: 1;--tw-scale-y: 1;--tw-scroll-snap-strictness: proximity;--tw-ring-offset-width: 0px;--tw-ring-offset-color: #fff;--tw-ring-offset-shadow: 0 0 #0000;--tw-ring-shadow: 0 0 #0000;--tw-shadow: 0 0 #0000;--tw-shadow-colored: 0 0 #0000;text-align: justify\"><span style=\"font-weight: 700\">M07<\/span>-Dios:Conc\u00e9deme serenidad, para aceptar las cosas que no puedo cambiar.<\/p><p style=\"margin-bottom: 1.41575em;font-style: normal;font-weight: 400;font-size: 1.1em;, sans-serif;margin-block-end: 26.4px;--tw-border-spacing-x: 0;--tw-border-spacing-y: 0;--tw-translate-x: 0;--tw-translate-y: 0;--tw-rotate: 0;--tw-skew-x: 0;--tw-skew-y: 0;--tw-scale-x: 1;--tw-scale-y: 1;--tw-scroll-snap-strictness: proximity;--tw-ring-offset-width: 0px;--tw-ring-offset-color: #fff;--tw-ring-offset-shadow: 0 0 #0000;--tw-ring-shadow: 0 0 #0000;--tw-shadow: 0 0 #0000;--tw-shadow-colored: 0 0 #0000;text-align: justify\"><span style=\"font-weight: 700\">M08<\/span>-La esperanza es la espiga, cuando nuestros ojos, s\u00f3lo ven la semilla que se marchita.<\/p><p style=\"margin-bottom: 1.41575em;font-style: normal;font-weight: 400;font-size: 1.1em;, sans-serif;margin-block-end: 26.4px;--tw-border-spacing-x: 0;--tw-border-spacing-y: 0;--tw-translate-x: 0;--tw-translate-y: 0;--tw-rotate: 0;--tw-skew-x: 0;--tw-skew-y: 0;--tw-scale-x: 1;--tw-scale-y: 1;--tw-scroll-snap-strictness: proximity;--tw-ring-offset-width: 0px;--tw-ring-offset-color: #fff;--tw-ring-offset-shadow: 0 0 #0000;--tw-ring-shadow: 0 0 #0000;--tw-shadow: 0 0 #0000;--tw-shadow-colored: 0 0 #0000;text-align: justify\"><span style=\"font-weight: 700\">M09<\/span>-Me duele tanto tu partida ,que quisiera morirme para seguirte.<\/p><p style=\"margin-bottom: 1.41575em;font-style: normal;font-weight: 400;font-size: 1.1em;, sans-serif;margin-block-end: 26.4px;--tw-border-spacing-x: 0;--tw-border-spacing-y: 0;--tw-translate-x: 0;--tw-translate-y: 0;--tw-rotate: 0;--tw-skew-x: 0;--tw-skew-y: 0;--tw-scale-x: 1;--tw-scale-y: 1;--tw-scroll-snap-strictness: proximity;--tw-ring-offset-width: 0px;--tw-ring-offset-color: #fff;--tw-ring-offset-shadow: 0 0 #0000;--tw-ring-shadow: 0 0 #0000;--tw-shadow: 0 0 #0000;--tw-shadow-colored: 0 0 #0000;text-align: justify\"><span style=\"font-weight: 700\">M10<\/span>-Aqu\u00ed reposa tu cuerpo, en el cielo t\u00fa alma y en el coraz\u00f3n de los que te queremos&nbsp; inolvidables recuerdos<\/p><p style=\"margin-bottom: 1.41575em;font-style: normal;font-weight: 400;font-size: 1.1em;, sans-serif;margin-block-end: 26.4px;--tw-border-spacing-x: 0;--tw-border-spacing-y: 0;--tw-translate-x: 0;--tw-translate-y: 0;--tw-rotate: 0;--tw-skew-x: 0;--tw-skew-y: 0;--tw-scale-x: 1;--tw-scale-y: 1;--tw-scroll-snap-strictness: proximity;--tw-ring-offset-width: 0px;--tw-ring-offset-color: #fff;--tw-ring-offset-shadow: 0 0 #0000;--tw-ring-shadow: 0 0 #0000;--tw-shadow: 0 0 #0000;--tw-shadow-colored: 0 0 #0000;text-align: justify\"><span style=\"font-weight: 700\">M11<\/span>-MADRE nos duele tu partida, pero nos alegra saber que vas con Dios, ve con El y desde el cielo acomp\u00e1\u00f1anos<\/p><p style=\"margin-bottom: 1.41575em;font-style: normal;font-weight: 400;font-size: 1.1em;, sans-serif;margin-block-end: 26.4px;--tw-border-spacing-x: 0;--tw-border-spacing-y: 0;--tw-translate-x: 0;--tw-translate-y: 0;--tw-rotate: 0;--tw-skew-x: 0;--tw-skew-y: 0;--tw-scale-x: 1;--tw-scale-y: 1;--tw-scroll-snap-strictness: proximity;--tw-ring-offset-width: 0px;--tw-ring-offset-color: #fff;--tw-ring-offset-shadow: 0 0 #0000;--tw-ring-shadow: 0 0 #0000;--tw-shadow: 0 0 #0000;--tw-shadow-colored: 0 0 #0000;text-align: justify\"><span style=\"font-weight: 700\">M12<\/span>-Los que esperan al se\u00f1or tendr\u00e1n nuevas fuerzas, levantaran alas como las \u00e1guilas, correr\u00e1n y no se cansar\u00e1n, caminaran y no se fatigaran&nbsp; &nbsp;&nbsp;<\/p><p style=\"margin-bottom: 1.41575em;font-style: normal;font-weight: 400;font-size: 1.1em;, sans-serif;margin-block-end: 26.4px;--tw-border-spacing-x: 0;--tw-border-spacing-y: 0;--tw-translate-x: 0;--tw-translate-y: 0;--tw-rotate: 0;--tw-skew-x: 0;--tw-skew-y: 0;--tw-scale-x: 1;--tw-scale-y: 1;--tw-scroll-snap-strictness: proximity;--tw-ring-offset-width: 0px;--tw-ring-offset-color: #fff;--tw-ring-offset-shadow: 0 0 #0000;--tw-ring-shadow: 0 0 #0000;--tw-shadow: 0 0 #0000;--tw-shadow-colored: 0 0 #0000;text-align: justify\"><span style=\"font-weight: 700\">M145<\/span>-En mi nombre y el de mi familia, les expresamos nuestras condolencias por el fallecimiento de\u2026&nbsp;Deseamos de todo coraz\u00f3n que Dios los ayude a soportar tan gran ausencia.&nbsp;<br style=\"--tw-border-spacing-x: 0;--tw-border-spacing-y: 0;--tw-translate-x: 0;--tw-translate-y: 0;--tw-rotate: 0;--tw-skew-x: 0;--tw-skew-y: 0;--tw-scale-x: 1;--tw-scale-y: 1;--tw-scroll-snap-strictness: proximity;--tw-ring-offset-width: 0px;--tw-ring-offset-color: #fff;--tw-ring-offset-shadow: 0 0 #0000;--tw-ring-shadow: 0 0 #0000;--tw-shadow: 0 0 #0000;--tw-shadow-colored: 0 0 #0000\"><br style=\"--tw-border-spacing-x: 0;--tw-border-spacing-y: 0;--tw-translate-x: 0;--tw-translate-y: 0;--tw-rotate: 0;--tw-skew-x: 0;--tw-skew-y: 0;--tw-scale-x: 1;--tw-scale-y: 1;--tw-scroll-snap-strictness: proximity;--tw-ring-offset-width: 0px;--tw-ring-offset-color: #fff;--tw-ring-offset-shadow: 0 0 #0000;--tw-ring-shadow: 0 0 #0000;--tw-shadow: 0 0 #0000;--tw-shadow-colored: 0 0 #0000\"><span style=\"font-weight: 700\">M146<\/span>-Les acompa\u00f1o en su dolor por el fallecimiento de su querida madre (u otro familiar).<br style=\"--tw-border-spacing-x: 0;--tw-border-spacing-y: 0;--tw-translate-x: 0;--tw-translate-y: 0;--tw-rotate: 0;--tw-skew-x: 0;--tw-skew-y: 0;--tw-scale-x: 1;--tw-scale-y: 1;--tw-scroll-snap-strictness: proximity;--tw-ring-offset-width: 0px;--tw-ring-offset-color: #fff;--tw-ring-offset-shadow: 0 0 #0000;--tw-ring-shadow: 0 0 #0000;--tw-shadow: 0 0 #0000;--tw-shadow-colored: 0 0 #0000\"><br style=\"--tw-border-spacing-x: 0;--tw-border-spacing-y: 0;--tw-translate-x: 0;--tw-translate-y: 0;--tw-rotate: 0;--tw-skew-x: 0;--tw-skew-y: 0;--tw-scale-x: 1;--tw-scale-y: 1;--tw-scroll-snap-strictness: proximity;--tw-ring-offset-width: 0px;--tw-ring-offset-color: #fff;--tw-ring-offset-shadow: 0 0 #0000;--tw-ring-shadow: 0 0 #0000;--tw-shadow: 0 0 #0000;--tw-shadow-colored: 0 0 #0000\"><span style=\"font-weight: 700\">M147<\/span>-Quisiera expresarle mis m\u00e1s profundas condolencias por el fallecimiento de\u2026 &nbsp;Deseo que su alma descanse en paz y que ustedes encuentren pronto consuelo a tan enorme p\u00e9rdida.<br style=\"--tw-border-spacing-x: 0;--tw-border-spacing-y: 0;--tw-translate-x: 0;--tw-translate-y: 0;--tw-rotate: 0;--tw-skew-x: 0;--tw-skew-y: 0;--tw-scale-x: 1;--tw-scale-y: 1;--tw-scroll-snap-strictness: proximity;--tw-ring-offset-width: 0px;--tw-ring-offset-color: #fff;--tw-ring-offset-shadow: 0 0 #0000;--tw-ring-shadow: 0 0 #0000;--tw-shadow: 0 0 #0000;--tw-shadow-colored: 0 0 #0000\"><br style=\"--tw-border-spacing-x: 0;--tw-border-spacing-y: 0;--tw-translate-x: 0;--tw-translate-y: 0;--tw-rotate: 0;--tw-skew-x: 0;--tw-skew-y: 0;--tw-scale-x: 1;--tw-scale-y: 1;--tw-scroll-snap-strictness: proximity;--tw-ring-offset-width: 0px;--tw-ring-offset-color: #fff;--tw-ring-offset-shadow: 0 0 #0000;--tw-ring-shadow: 0 0 #0000;--tw-shadow: 0 0 #0000;--tw-shadow-colored: 0 0 #0000\"><span style=\"font-weight: 700\">M148<\/span>-En mi nombre y el de mi familia, nos unimos a su dolor y les enviamos nuestro apoyo m\u00e1s sincero en estos momentos tan duros para ustedes.<br style=\"--tw-border-spacing-x: 0;--tw-border-spacing-y: 0;--tw-translate-x: 0;--tw-translate-y: 0;--tw-rotate: 0;--tw-skew-x: 0;--tw-skew-y: 0;--tw-scale-x: 1;--tw-scale-y: 1;--tw-scroll-snap-strictness: proximity;--tw-ring-offset-width: 0px;--tw-ring-offset-color: #fff;--tw-ring-offset-shadow: 0 0 #0000;--tw-ring-shadow: 0 0 #0000;--tw-shadow: 0 0 #0000;--tw-shadow-colored: 0 0 #0000\"><br style=\"--tw-border-spacing-x: 0;--tw-border-spacing-y: 0;--tw-translate-x: 0;--tw-translate-y: 0;--tw-rotate: 0;--tw-skew-x: 0;--tw-skew-y: 0;--tw-scale-x: 1;--tw-scale-y: 1;--tw-scroll-snap-strictness: proximity;--tw-ring-offset-width: 0px;--tw-ring-offset-color: #fff;--tw-ring-offset-shadow: 0 0 #0000;--tw-ring-shadow: 0 0 #0000;--tw-shadow: 0 0 #0000;--tw-shadow-colored: 0 0 #0000\"><span style=\"font-weight: 700\">M149<\/span>-Deseamos acompa\u00f1arlos en su dolor y expresamos nuestro m\u00e1s sentido p\u00e9same, por el fallecimiento de una persona tan querida e importante en la vida de todo ser humano.<br style=\"--tw-border-spacing-x: 0;--tw-border-spacing-y: 0;--tw-translate-x: 0;--tw-translate-y: 0;--tw-rotate: 0;--tw-skew-x: 0;--tw-skew-y: 0;--tw-scale-x: 1;--tw-scale-y: 1;--tw-scroll-snap-strictness: proximity;--tw-ring-offset-width: 0px;--tw-ring-offset-color: #fff;--tw-ring-offset-shadow: 0 0 #0000;--tw-ring-shadow: 0 0 #0000;--tw-shadow: 0 0 #0000;--tw-shadow-colored: 0 0 #0000\"><br style=\"--tw-border-spacing-x: 0;--tw-border-spacing-y: 0;--tw-translate-x: 0;--tw-translate-y: 0;--tw-rotate: 0;--tw-skew-x: 0;--tw-skew-y: 0;--tw-scale-x: 1;--tw-scale-y: 1;--tw-scroll-snap-strictness: proximity;--tw-ring-offset-width: 0px;--tw-ring-offset-color: #fff;--tw-ring-offset-shadow: 0 0 #0000;--tw-ring-shadow: 0 0 #0000;--tw-shadow: 0 0 #0000;--tw-shadow-colored: 0 0 #0000\"><span style=\"font-weight: 700\">M150<\/span>-Querido amigo: hemos compartido muchos momentos de la vida, y en estos momentos tan dif\u00edciles quiero que sepas que comparto tus sentimientos y que estar\u00e9 cerca de ti si me necesitas.<br style=\"--tw-border-spacing-x: 0;--tw-border-spacing-y: 0;--tw-translate-x: 0;--tw-translate-y: 0;--tw-rotate: 0;--tw-skew-x: 0;--tw-skew-y: 0;--tw-scale-x: 1;--tw-scale-y: 1;--tw-scroll-snap-strictness: proximity;--tw-ring-offset-width: 0px;--tw-ring-offset-color: #fff;--tw-ring-offset-shadow: 0 0 #0000;--tw-ring-shadow: 0 0 #0000;--tw-shadow: 0 0 #0000;--tw-shadow-colored: 0 0 #0000\"><br style=\"--tw-border-spacing-x: 0;--tw-border-spacing-y: 0;--tw-translate-x: 0;--tw-translate-y: 0;--tw-rotate: 0;--tw-skew-x: 0;--tw-skew-y: 0;--tw-scale-x: 1;--tw-scale-y: 1;--tw-scroll-snap-strictness: proximity;--tw-ring-offset-width: 0px;--tw-ring-offset-color: #fff;--tw-ring-offset-shadow: 0 0 #0000;--tw-ring-shadow: 0 0 #0000;--tw-shadow: 0 0 #0000;--tw-shadow-colored: 0 0 #0000\"><span style=\"font-weight: 700\">M151<\/span>-Te enviamos una oraci\u00f3n, rog\u00e1ndote que guardes los recuerdos maravillosos de tu esposa (u otro familiar) para que te den fortaleza para continuar siempre sonriendo y que transformen el dolor que ahora te embarga en luz de esperanza.<br style=\"--tw-border-spacing-x: 0;--tw-border-spacing-y: 0;--tw-translate-x: 0;--tw-translate-y: 0;--tw-rotate: 0;--tw-skew-x: 0;--tw-skew-y: 0;--tw-scale-x: 1;--tw-scale-y: 1;--tw-scroll-snap-strictness: proximity;--tw-ring-offset-width: 0px;--tw-ring-offset-color: #fff;--tw-ring-offset-shadow: 0 0 #0000;--tw-ring-shadow: 0 0 #0000;--tw-shadow: 0 0 #0000;--tw-shadow-colored: 0 0 #0000\"><br style=\"--tw-border-spacing-x: 0;--tw-border-spacing-y: 0;--tw-translate-x: 0;--tw-translate-y: 0;--tw-rotate: 0;--tw-skew-x: 0;--tw-skew-y: 0;--tw-scale-x: 1;--tw-scale-y: 1;--tw-scroll-snap-strictness: proximity;--tw-ring-offset-width: 0px;--tw-ring-offset-color: #fff;--tw-ring-offset-shadow: 0 0 #0000;--tw-ring-shadow: 0 0 #0000;--tw-shadow: 0 0 #0000;--tw-shadow-colored: 0 0 #0000\"><span style=\"font-weight: 700\">M152<\/span>-Te transmitimos nuestras condolencias por el fallecimiento de\u2026&nbsp;No olvides que en los amigos siempre encontrar\u00e1s consuelo.<\/p><\/h6>\t\t\t\t<\/div>\n\t\t\t\t<\/div>\n\t\t<div class=\"elementor-element elementor-element-e853fe4 e-con-full e-flex e-con e-child\" data-id=\"e853fe4\" data-element_type=\"container\">\n\t\t\t\t<\/div>\n\t\t\t\t\t<\/div>\n\t\t\t\t<\/div>\n\t\t\t\t<\/div>\n\t\t","protected":false},"excerpt":{"rendered":"<p>CONDOLENCIAS ESCOGE TU FRASE Y ENVIANOS EL CODIGO M(NUMERO) M01-En mi mente se reviven momentos de felicidad y hoy tu ausencia me causa una profunda tristeza.&nbsp; M02-Que en tu dulce paz, siempre haya una luz intensa que brille por toda la eternidad.&nbsp; M03-Por que la vida de los que en Ti creemos Se\u00f1or ,no termina; [&hellip;]<\/p>\n","protected":false},"author":1,"featured_media":0,"parent":492,"menu_order":0,"comment_status":"closed","ping_status":"closed","template":"","meta":{"footnotes":""},"class_list":["post-1762","page","type-page","status-publish","hentry"],"blocksy_meta":[],"_links":{"self":[{"href":"https:\/\/camporealfloristeria.com\/index.php?rest_route=\/wp\/v2\/pages\/1762","targetHints":{"allow":["GET"]}}],"collection":[{"href":"https:\/\/camporealfloristeria.com\/index.php?rest_route=\/wp\/v2\/pages"}],"about":[{"href":"https:\/\/camporealfloristeria.com\/index.php?rest_route=\/wp\/v2\/types\/page"}],"author":[{"embeddable":true,"href":"https:\/\/camporealfloristeria.com\/index.php?rest_route=\/wp\/v2\/users\/1"}],"replies":[{"embeddable":true,"href":"https:\/\/camporealfloristeria.com\/index.php?rest_route=%2Fwp%2Fv2%2Fcomments&post=1762"}],"version-history":[{"count":4,"href":"https:\/\/camporealfloristeria.com\/index.php?rest_route=\/wp\/v2\/pages\/1762\/revisions"}],"predecessor-version":[{"id":1767,"href":"https:\/\/camporealfloristeria.com\/index.php?rest_route=\/wp\/v2\/pages\/1762\/revisions\/1767"}],"up":[{"embeddable":true,"href":"https:\/\/camporealfloristeria.com\/index.php?rest_route=\/wp\/v2\/pages\/492"}],"wp:attachment":[{"href":"https:\/\/camporealfloristeria.com\/index.php?rest_route=%2Fwp%2Fv2%2Fmedia&parent=1762"}],"curies":[{"name":"wp","href":"https:\/\/api.w.org\/{rel}","templated":true}]}}