{"id":1777,"date":"2025-08-25T03:08:46","date_gmt":"2025-08-25T03:08:46","guid":{"rendered":"https:\/\/camporealfloristeria.com\/?page_id=1777"},"modified":"2025-08-25T03:48:09","modified_gmt":"2025-08-25T03:48:09","slug":"amistad-1","status":"publish","type":"page","link":"https:\/\/camporealfloristeria.com\/?page_id=1777","title":{"rendered":"AMISTAD"},"content":{"rendered":"\t\t<div data-elementor-type=\"wp-page\" data-elementor-id=\"1777\" class=\"elementor elementor-1777\">\n\t\t\t\t<div class=\"elementor-element elementor-element-1bf98463 e-flex e-con-boxed e-con e-parent\" data-id=\"1bf98463\" data-element_type=\"container\">\n\t\t\t\t\t<div class=\"e-con-inner\">\n\t\t\t\t<div class=\"elementor-element elementor-element-111176b elementor-widget elementor-widget-heading\" data-id=\"111176b\" data-element_type=\"widget\" data-widget_type=\"heading.default\">\n\t\t\t\t\t<h1 class=\"elementor-heading-title elementor-size-default\">AMISTAD<\/h1>\t\t\t\t<\/div>\n\t\t\t\t\t<\/div>\n\t\t\t\t<\/div>\n\t\t<div class=\"elementor-element elementor-element-a55b02f e-flex e-con-boxed e-con e-parent\" data-id=\"a55b02f\" data-element_type=\"container\">\n\t\t\t\t\t<div class=\"e-con-inner\">\n\t\t\t\t<div class=\"elementor-element elementor-element-4805d1f2 elementor-widget elementor-widget-heading\" data-id=\"4805d1f2\" data-element_type=\"widget\" data-widget_type=\"heading.default\">\n\t\t\t\t\t<h5 class=\"elementor-heading-title elementor-size-default\">ESCOGE TU FRASE Y ENVIANOS EL CODIGO M(NUMERO)<\/h5>\t\t\t\t<\/div>\n\t\t\t\t\t<\/div>\n\t\t\t\t<\/div>\n\t\t<div class=\"elementor-element elementor-element-4799d078 e-flex e-con-boxed e-con e-parent\" data-id=\"4799d078\" data-element_type=\"container\">\n\t\t\t\t\t<div class=\"e-con-inner\">\n\t\t\t\t\t<\/div>\n\t\t\t\t<\/div>\n\t\t<div class=\"elementor-element elementor-element-272573da e-flex e-con-boxed e-con e-parent\" data-id=\"272573da\" data-element_type=\"container\">\n\t\t\t\t\t<div class=\"e-con-inner\">\n\t\t<div class=\"elementor-element elementor-element-7838ca1a e-con-full e-flex e-con e-child\" data-id=\"7838ca1a\" data-element_type=\"container\">\n\t\t\t\t<\/div>\n\t\t<div class=\"elementor-element elementor-element-343617eb e-con-full e-flex e-con e-child\" data-id=\"343617eb\" data-element_type=\"container\">\n\t\t\t\t<div class=\"elementor-element elementor-element-37b54ebb elementor-widget elementor-widget-heading\" data-id=\"37b54ebb\" data-element_type=\"widget\" data-widget_type=\"heading.default\">\n\t\t\t\t\t<h2 class=\"elementor-heading-title elementor-size-default\"><h2 class=\"elementor-heading-title elementor-size-default elementor-inline-editing pen\" data-elementor-setting-key=\"title\" data-pen-placeholder=\"Teclea aqu\u00ed...\" style=\"--theme-font-weight: 700;--theme-font-size: 35px;--theme-line-height: 1.5;font-style: normal;font-weight: 700;font-size: 16px;font-family: Sen, sans-serif;letter-spacing: normal;text-transform: none;text-decoration: none;margin-block-end: 14.8px\"><p style=\"margin-bottom: 1.41575em;font-style: normal;font-weight: 400;font-size: 1.1em;, sans-serif;margin-block-end: 26.4px;--tw-border-spacing-x: 0;--tw-border-spacing-y: 0;--tw-translate-x: 0;--tw-translate-y: 0;--tw-rotate: 0;--tw-skew-x: 0;--tw-skew-y: 0;--tw-scale-x: 1;--tw-scale-y: 1;--tw-scroll-snap-strictness: proximity;--tw-ring-offset-width: 0px;--tw-ring-offset-color: #fff;--tw-ring-offset-shadow: 0 0 #0000;--tw-ring-shadow: 0 0 #0000;--tw-shadow: 0 0 #0000;--tw-shadow-colored: 0 0 #0000;text-align: justify\"><span style=\"font-weight: 700\">M130<\/span>-Si no te hubiera conocido, no s\u00e9 lo que habr\u00eda sido la vida sin ti, amigos\/as como t\u00fa no se encuentran todos los d\u00edas. Espero conservar tu amistad para siempre.<\/p><p style=\"margin-bottom: 1.41575em;font-style: normal;font-weight: 400;font-size: 1.1em;, sans-serif;margin-block-end: 26.4px;--tw-border-spacing-x: 0;--tw-border-spacing-y: 0;--tw-translate-x: 0;--tw-translate-y: 0;--tw-rotate: 0;--tw-skew-x: 0;--tw-skew-y: 0;--tw-scale-x: 1;--tw-scale-y: 1;--tw-scroll-snap-strictness: proximity;--tw-ring-offset-width: 0px;--tw-ring-offset-color: #fff;--tw-ring-offset-shadow: 0 0 #0000;--tw-ring-shadow: 0 0 #0000;--tw-shadow: 0 0 #0000;--tw-shadow-colored: 0 0 #0000;text-align: justify\"><span style=\"font-weight: 700\">M131<\/span>-Tu amistad es para m\u00ed tan importante que quisiera compartirla mil a\u00f1os m\u00e1s contigo.<\/p><p style=\"margin-bottom: 1.41575em;font-style: normal;font-weight: 400;font-size: 1.1em;, sans-serif;margin-block-end: 26.4px;--tw-border-spacing-x: 0;--tw-border-spacing-y: 0;--tw-translate-x: 0;--tw-translate-y: 0;--tw-rotate: 0;--tw-skew-x: 0;--tw-skew-y: 0;--tw-scale-x: 1;--tw-scale-y: 1;--tw-scroll-snap-strictness: proximity;--tw-ring-offset-width: 0px;--tw-ring-offset-color: #fff;--tw-ring-offset-shadow: 0 0 #0000;--tw-ring-shadow: 0 0 #0000;--tw-shadow: 0 0 #0000;--tw-shadow-colored: 0 0 #0000;text-align: justify\"><span style=\"font-weight: 700\">M132<\/span>-Los amigos son como las estrellas, no siempre hablas con ellas pero t\u00fa sabes que siempre est\u00e1n ah\u00ed.<\/p><p style=\"margin-bottom: 1.41575em;font-style: normal;font-weight: 400;font-size: 1.1em;, sans-serif;margin-block-end: 26.4px;--tw-border-spacing-x: 0;--tw-border-spacing-y: 0;--tw-translate-x: 0;--tw-translate-y: 0;--tw-rotate: 0;--tw-skew-x: 0;--tw-skew-y: 0;--tw-scale-x: 1;--tw-scale-y: 1;--tw-scroll-snap-strictness: proximity;--tw-ring-offset-width: 0px;--tw-ring-offset-color: #fff;--tw-ring-offset-shadow: 0 0 #0000;--tw-ring-shadow: 0 0 #0000;--tw-shadow: 0 0 #0000;--tw-shadow-colored: 0 0 #0000;text-align: justify\"><span style=\"font-weight: 700\">M133<\/span>-Hacer un amigo es una alegr\u00eda, tener un amigo es un lujo, conservar un amigo no es f\u00e1cil, ser tu amigo, un honor.<\/p><p style=\"margin-bottom: 1.41575em;font-style: normal;font-weight: 400;font-size: 1.1em;, sans-serif;margin-block-end: 26.4px;--tw-border-spacing-x: 0;--tw-border-spacing-y: 0;--tw-translate-x: 0;--tw-translate-y: 0;--tw-rotate: 0;--tw-skew-x: 0;--tw-skew-y: 0;--tw-scale-x: 1;--tw-scale-y: 1;--tw-scroll-snap-strictness: proximity;--tw-ring-offset-width: 0px;--tw-ring-offset-color: #fff;--tw-ring-offset-shadow: 0 0 #0000;--tw-ring-shadow: 0 0 #0000;--tw-shadow: 0 0 #0000;--tw-shadow-colored: 0 0 #0000;text-align: justify\"><span style=\"font-weight: 700\">M134<\/span>-Gracias amigo\/a por haber compartido tantos momentos de aprecio y cari\u00f1o conmigo.<\/p><p style=\"margin-bottom: 1.41575em;font-style: normal;font-weight: 400;font-size: 1.1em;, sans-serif;margin-block-end: 26.4px;--tw-border-spacing-x: 0;--tw-border-spacing-y: 0;--tw-translate-x: 0;--tw-translate-y: 0;--tw-rotate: 0;--tw-skew-x: 0;--tw-skew-y: 0;--tw-scale-x: 1;--tw-scale-y: 1;--tw-scroll-snap-strictness: proximity;--tw-ring-offset-width: 0px;--tw-ring-offset-color: #fff;--tw-ring-offset-shadow: 0 0 #0000;--tw-ring-shadow: 0 0 #0000;--tw-shadow: 0 0 #0000;--tw-shadow-colored: 0 0 #0000;text-align: justify\"><span style=\"font-weight: 700\">M135<\/span>-Gracias por tu sonrisa, gracias por tu mirada, gracias por tu presencia y, sobre todo, muchas gracias por tu amistad.<\/p><p style=\"margin-bottom: 1.41575em;font-style: normal;font-weight: 400;font-size: 1.1em;, sans-serif;margin-block-end: 26.4px;--tw-border-spacing-x: 0;--tw-border-spacing-y: 0;--tw-translate-x: 0;--tw-translate-y: 0;--tw-rotate: 0;--tw-skew-x: 0;--tw-skew-y: 0;--tw-scale-x: 1;--tw-scale-y: 1;--tw-scroll-snap-strictness: proximity;--tw-ring-offset-width: 0px;--tw-ring-offset-color: #fff;--tw-ring-offset-shadow: 0 0 #0000;--tw-ring-shadow: 0 0 #0000;--tw-shadow: 0 0 #0000;--tw-shadow-colored: 0 0 #0000;text-align: justify\"><span style=\"font-weight: 700\">M136<\/span>-Gracias a ti logr\u00e9 conocer la amistad que hace mucho me parec\u00eda lejana, hoy me siento feliz porque est\u00e1 aqu\u00ed, muy cerca, en mi coraz\u00f3n, al igual que t\u00fa.<\/p><p style=\"margin-bottom: 1.41575em;font-style: normal;font-weight: 400;font-size: 1.1em;, sans-serif;margin-block-end: 26.4px;--tw-border-spacing-x: 0;--tw-border-spacing-y: 0;--tw-translate-x: 0;--tw-translate-y: 0;--tw-rotate: 0;--tw-skew-x: 0;--tw-skew-y: 0;--tw-scale-x: 1;--tw-scale-y: 1;--tw-scroll-snap-strictness: proximity;--tw-ring-offset-width: 0px;--tw-ring-offset-color: #fff;--tw-ring-offset-shadow: 0 0 #0000;--tw-ring-shadow: 0 0 #0000;--tw-shadow: 0 0 #0000;--tw-shadow-colored: 0 0 #0000;text-align: justify\"><span style=\"font-weight: 700\">M137<\/span>-Amigas somos, amigas seremos y como cabras siempre estaremos.<\/p><p style=\"margin-bottom: 1.41575em;font-style: normal;font-weight: 400;font-size: 1.1em;, sans-serif;margin-block-end: 26.4px;--tw-border-spacing-x: 0;--tw-border-spacing-y: 0;--tw-translate-x: 0;--tw-translate-y: 0;--tw-rotate: 0;--tw-skew-x: 0;--tw-skew-y: 0;--tw-scale-x: 1;--tw-scale-y: 1;--tw-scroll-snap-strictness: proximity;--tw-ring-offset-width: 0px;--tw-ring-offset-color: #fff;--tw-ring-offset-shadow: 0 0 #0000;--tw-ring-shadow: 0 0 #0000;--tw-shadow: 0 0 #0000;--tw-shadow-colored: 0 0 #0000;text-align: justify\"><span style=\"font-weight: 700\">M138<\/span>-No entend\u00eda lo que era amistad hasta que te encontr\u00e9 al lado m\u00edo, alegr\u00e1ndote por todos los momentos, recuerdos y vivencias que compartimos.<\/p><p style=\"margin-bottom: 1.41575em;font-style: normal;font-weight: 400;font-size: 1.1em;, sans-serif;margin-block-end: 26.4px;--tw-border-spacing-x: 0;--tw-border-spacing-y: 0;--tw-translate-x: 0;--tw-translate-y: 0;--tw-rotate: 0;--tw-skew-x: 0;--tw-skew-y: 0;--tw-scale-x: 1;--tw-scale-y: 1;--tw-scroll-snap-strictness: proximity;--tw-ring-offset-width: 0px;--tw-ring-offset-color: #fff;--tw-ring-offset-shadow: 0 0 #0000;--tw-ring-shadow: 0 0 #0000;--tw-shadow: 0 0 #0000;--tw-shadow-colored: 0 0 #0000;text-align: justify\"><span style=\"font-weight: 700\">M139<\/span>-Confieso no haber entendido a veces tus pensamientos y actuaciones, tambi\u00e9n s\u00e9 que t\u00fa no comprendes en ocasiones las m\u00edas. A pesar de nuestras diferencias tengo y tienes un\/a amigo\/a. Para ser amigos\/as no tenemos porque ser iguales.<\/p><p style=\"margin-bottom: 1.41575em;font-style: normal;font-weight: 400;font-size: 1.1em;, sans-serif;margin-block-end: 26.4px;--tw-border-spacing-x: 0;--tw-border-spacing-y: 0;--tw-translate-x: 0;--tw-translate-y: 0;--tw-rotate: 0;--tw-skew-x: 0;--tw-skew-y: 0;--tw-scale-x: 1;--tw-scale-y: 1;--tw-scroll-snap-strictness: proximity;--tw-ring-offset-width: 0px;--tw-ring-offset-color: #fff;--tw-ring-offset-shadow: 0 0 #0000;--tw-ring-shadow: 0 0 #0000;--tw-shadow: 0 0 #0000;--tw-shadow-colored: 0 0 #0000;text-align: justify\"><span style=\"font-weight: 700\">M140<\/span>-La amistad es como la mayonesa: cuesta un huevo y hay que tratar de que no se corte.<\/p><p style=\"margin-bottom: 1.41575em;font-style: normal;font-weight: 400;font-size: 1.1em;, sans-serif;margin-block-end: 26.4px;--tw-border-spacing-x: 0;--tw-border-spacing-y: 0;--tw-translate-x: 0;--tw-translate-y: 0;--tw-rotate: 0;--tw-skew-x: 0;--tw-skew-y: 0;--tw-scale-x: 1;--tw-scale-y: 1;--tw-scroll-snap-strictness: proximity;--tw-ring-offset-width: 0px;--tw-ring-offset-color: #fff;--tw-ring-offset-shadow: 0 0 #0000;--tw-ring-shadow: 0 0 #0000;--tw-shadow: 0 0 #0000;--tw-shadow-colored: 0 0 #0000;text-align: justify\"><span style=\"font-weight: 700\">M141<\/span>-No camines detr\u00e1s de mi, quiz\u00e1 no te gu\u00ede. No camines delante de mi, quiz\u00e1 no te siga. Camina a mi lado y s\u00e9 mi amigo\/a.<\/p><p style=\"margin-bottom: 1.41575em;font-style: normal;font-weight: 400;font-size: 1.1em;, sans-serif;margin-block-end: 26.4px;--tw-border-spacing-x: 0;--tw-border-spacing-y: 0;--tw-translate-x: 0;--tw-translate-y: 0;--tw-rotate: 0;--tw-skew-x: 0;--tw-skew-y: 0;--tw-scale-x: 1;--tw-scale-y: 1;--tw-scroll-snap-strictness: proximity;--tw-ring-offset-width: 0px;--tw-ring-offset-color: #fff;--tw-ring-offset-shadow: 0 0 #0000;--tw-ring-shadow: 0 0 #0000;--tw-shadow: 0 0 #0000;--tw-shadow-colored: 0 0 #0000;text-align: justify\"><span style=\"font-weight: 700\"><u>M142<\/u><\/span>-Me tendiste tu mano cuando m\u00e1s lo necesitaba. Tu gesto fue tan elocuente, que por primera vez entend\u00ed lo que era un amigo\/a sin que hicieran falta palabras.<\/p><p style=\"margin-bottom: 1.41575em;font-style: normal;font-weight: 400;font-size: 1.1em;, sans-serif;margin-block-end: 26.4px;--tw-border-spacing-x: 0;--tw-border-spacing-y: 0;--tw-translate-x: 0;--tw-translate-y: 0;--tw-rotate: 0;--tw-skew-x: 0;--tw-skew-y: 0;--tw-scale-x: 1;--tw-scale-y: 1;--tw-scroll-snap-strictness: proximity;--tw-ring-offset-width: 0px;--tw-ring-offset-color: #fff;--tw-ring-offset-shadow: 0 0 #0000;--tw-ring-shadow: 0 0 #0000;--tw-shadow: 0 0 #0000;--tw-shadow-colored: 0 0 #0000;text-align: justify\"><span style=\"font-weight: 700\">M143<\/span>-Un\/a amigo\/a como t\u00fa no se consigue todos los d\u00edas.<\/p><p style=\"margin-bottom: 1.41575em;font-style: normal;font-weight: 400;font-size: 1.1em;, sans-serif;margin-block-end: 26.4px;--tw-border-spacing-x: 0;--tw-border-spacing-y: 0;--tw-translate-x: 0;--tw-translate-y: 0;--tw-rotate: 0;--tw-skew-x: 0;--tw-skew-y: 0;--tw-scale-x: 1;--tw-scale-y: 1;--tw-scroll-snap-strictness: proximity;--tw-ring-offset-width: 0px;--tw-ring-offset-color: #fff;--tw-ring-offset-shadow: 0 0 #0000;--tw-ring-shadow: 0 0 #0000;--tw-shadow: 0 0 #0000;--tw-shadow-colored: 0 0 #0000;text-align: justify\"><span style=\"font-weight: 700\">M144<\/span>-Si esta noche no puedes dormir, no cuentes estrellas\u2026 cuenta conmigo.<\/p><p style=\"margin-bottom: 1.41575em;font-style: normal;font-weight: 400;font-size: 1.1em;, sans-serif;margin-block-end: 26.4px;--tw-border-spacing-x: 0;--tw-border-spacing-y: 0;--tw-translate-x: 0;--tw-translate-y: 0;--tw-rotate: 0;--tw-skew-x: 0;--tw-skew-y: 0;--tw-scale-x: 1;--tw-scale-y: 1;--tw-scroll-snap-strictness: proximity;--tw-ring-offset-width: 0px;--tw-ring-offset-color: #fff;--tw-ring-offset-shadow: 0 0 #0000;--tw-ring-shadow: 0 0 #0000;--tw-shadow: 0 0 #0000;--tw-shadow-colored: 0 0 #0000;text-align: justify\"><span style=\"font-family: Sen, sans-serif;font-size: 16px;font-weight: 700;text-align: start\"><\/span><\/p><\/h2><\/h2>\t\t\t\t<\/div>\n\t\t\t\t<\/div>\n\t\t<div class=\"elementor-element elementor-element-1ca0fefd e-con-full e-flex e-con e-child\" data-id=\"1ca0fefd\" data-element_type=\"container\">\n\t\t\t\t<\/div>\n\t\t\t\t\t<\/div>\n\t\t\t\t<\/div>\n\t\t\t\t<\/div>\n\t\t","protected":false},"excerpt":{"rendered":"<p>AMISTAD ESCOGE TU FRASE Y ENVIANOS EL CODIGO M(NUMERO) M130-Si no te hubiera conocido, no s\u00e9 lo que habr\u00eda sido la vida sin ti, amigos\/as como t\u00fa no se encuentran todos los d\u00edas. Espero conservar tu amistad para siempre. M131-Tu amistad es para m\u00ed tan importante que quisiera compartirla mil a\u00f1os m\u00e1s contigo. M132-Los amigos [&hellip;]<\/p>\n","protected":false},"author":1,"featured_media":0,"parent":492,"menu_order":0,"comment_status":"closed","ping_status":"closed","template":"","meta":{"footnotes":""},"class_list":["post-1777","page","type-page","status-publish","hentry"],"blocksy_meta":[],"_links":{"self":[{"href":"https:\/\/camporealfloristeria.com\/index.php?rest_route=\/wp\/v2\/pages\/1777","targetHints":{"allow":["GET"]}}],"collection":[{"href":"https:\/\/camporealfloristeria.com\/index.php?rest_route=\/wp\/v2\/pages"}],"about":[{"href":"https:\/\/camporealfloristeria.com\/index.php?rest_route=\/wp\/v2\/types\/page"}],"author":[{"embeddable":true,"href":"https:\/\/camporealfloristeria.com\/index.php?rest_route=\/wp\/v2\/users\/1"}],"replies":[{"embeddable":true,"href":"https:\/\/camporealfloristeria.com\/index.php?rest_route=%2Fwp%2Fv2%2Fcomments&post=1777"}],"version-history":[{"count":5,"href":"https:\/\/camporealfloristeria.com\/index.php?rest_route=\/wp\/v2\/pages\/1777\/revisions"}],"predecessor-version":[{"id":1807,"href":"https:\/\/camporealfloristeria.com\/index.php?rest_route=\/wp\/v2\/pages\/1777\/revisions\/1807"}],"up":[{"embeddable":true,"href":"https:\/\/camporealfloristeria.com\/index.php?rest_route=\/wp\/v2\/pages\/492"}],"wp:attachment":[{"href":"https:\/\/camporealfloristeria.com\/index.php?rest_route=%2Fwp%2Fv2%2Fmedia&parent=1777"}],"curies":[{"name":"wp","href":"https:\/\/api.w.org\/{rel}","templated":true}]}}